{"id":813,"date":"2022-11-21T17:17:34","date_gmt":"2022-11-21T16:17:34","guid":{"rendered":"http:\/\/test.lissta.pl\/?page_id=813"},"modified":"2022-11-30T10:27:51","modified_gmt":"2022-11-30T09:27:51","slug":"obowiazek-informacyjny-rodo","status":"publish","type":"page","link":"https:\/\/lissta.pl\/index.php\/obowiazek-informacyjny-rodo\/","title":{"rendered":"Obowi\u0105zek informacyjny RODO"},"content":{"rendered":"\t\t<div data-elementor-type=\"wp-page\" data-elementor-id=\"813\" class=\"elementor elementor-813\">\n\t\t\t\t\t\t<section class=\"elementor-section elementor-top-section elementor-element elementor-element-043a0b7 elementor-section-boxed elementor-section-height-default elementor-section-height-default\" data-id=\"043a0b7\" data-element_type=\"section\" data-settings=\"{&quot;jet_parallax_layout_list&quot;:[{&quot;jet_parallax_layout_image&quot;:{&quot;url&quot;:&quot;&quot;,&quot;id&quot;:&quot;&quot;,&quot;size&quot;:&quot;&quot;},&quot;_id&quot;:&quot;5b6044a&quot;,&quot;jet_parallax_layout_image_tablet&quot;:{&quot;url&quot;:&quot;&quot;,&quot;id&quot;:&quot;&quot;,&quot;size&quot;:&quot;&quot;},&quot;jet_parallax_layout_image_mobile&quot;:{&quot;url&quot;:&quot;&quot;,&quot;id&quot;:&quot;&quot;,&quot;size&quot;:&quot;&quot;},&quot;jet_parallax_layout_speed&quot;:{&quot;unit&quot;:&quot;%&quot;,&quot;size&quot;:50,&quot;sizes&quot;:[]},&quot;jet_parallax_layout_type&quot;:&quot;scroll&quot;,&quot;jet_parallax_layout_direction&quot;:null,&quot;jet_parallax_layout_fx_direction&quot;:null,&quot;jet_parallax_layout_z_index&quot;:&quot;&quot;,&quot;jet_parallax_layout_bg_x&quot;:50,&quot;jet_parallax_layout_bg_x_tablet&quot;:&quot;&quot;,&quot;jet_parallax_layout_bg_x_mobile&quot;:&quot;&quot;,&quot;jet_parallax_layout_bg_y&quot;:50,&quot;jet_parallax_layout_bg_y_tablet&quot;:&quot;&quot;,&quot;jet_parallax_layout_bg_y_mobile&quot;:&quot;&quot;,&quot;jet_parallax_layout_bg_size&quot;:&quot;auto&quot;,&quot;jet_parallax_layout_bg_size_tablet&quot;:&quot;&quot;,&quot;jet_parallax_layout_bg_size_mobile&quot;:&quot;&quot;,&quot;jet_parallax_layout_animation_prop&quot;:&quot;transform&quot;,&quot;jet_parallax_layout_on&quot;:[&quot;desktop&quot;,&quot;tablet&quot;]}],&quot;background_background&quot;:&quot;classic&quot;}\">\n\t\t\t\t\t\t<div class=\"elementor-container elementor-column-gap-no\">\n\t\t\t\t\t<div class=\"elementor-column elementor-col-100 elementor-top-column elementor-element elementor-element-4e8fe02\" data-id=\"4e8fe02\" data-element_type=\"column\">\n\t\t\t<div class=\"elementor-widget-wrap elementor-element-populated\">\n\t\t\t\t\t\t<div class=\"elementor-element elementor-element-d47fa56 elementor-invisible elementor-widget elementor-widget-heading\" data-id=\"d47fa56\" data-element_type=\"widget\" data-settings=\"{&quot;_animation&quot;:&quot;fadeInLeft&quot;,&quot;_animation_delay&quot;:0}\" data-widget_type=\"heading.default\">\n\t\t\t\t<div class=\"elementor-widget-container\">\n\t\t\t<style>\/*! elementor - v3.23.0 - 05-08-2024 *\/\n.elementor-heading-title{padding:0;margin:0;line-height:1}.elementor-widget-heading .elementor-heading-title[class*=elementor-size-]>a{color:inherit;font-size:inherit;line-height:inherit}.elementor-widget-heading .elementor-heading-title.elementor-size-small{font-size:15px}.elementor-widget-heading .elementor-heading-title.elementor-size-medium{font-size:19px}.elementor-widget-heading .elementor-heading-title.elementor-size-large{font-size:29px}.elementor-widget-heading .elementor-heading-title.elementor-size-xl{font-size:39px}.elementor-widget-heading .elementor-heading-title.elementor-size-xxl{font-size:59px}<\/style><h1 class=\"elementor-heading-title elementor-size-default\">Obowi\u0105zek informacyjny RODO<\/h1>\t\t<\/div>\n\t\t\t\t<\/div>\n\t\t\t\t\t<\/div>\n\t\t<\/div>\n\t\t\t\t\t<\/div>\n\t\t<\/section>\n\t\t\t\t<section class=\"elementor-section elementor-top-section elementor-element elementor-element-f86286c elementor-section-boxed elementor-section-height-default elementor-section-height-default\" data-id=\"f86286c\" data-element_type=\"section\" data-settings=\"{&quot;jet_parallax_layout_list&quot;:[]}\">\n\t\t\t\t\t\t<div class=\"elementor-container elementor-column-gap-default\">\n\t\t\t\t\t<div class=\"elementor-column elementor-col-100 elementor-top-column elementor-element elementor-element-fd1fd4a\" data-id=\"fd1fd4a\" data-element_type=\"column\">\n\t\t\t<div class=\"elementor-widget-wrap elementor-element-populated\">\n\t\t\t\t\t\t<div class=\"elementor-element elementor-element-0fa3dfd elementor-invisible elementor-widget elementor-widget-text-editor\" data-id=\"0fa3dfd\" data-element_type=\"widget\" data-settings=\"{&quot;_animation&quot;:&quot;fadeIn&quot;,&quot;_animation_delay&quot;:400}\" data-widget_type=\"text-editor.default\">\n\t\t\t\t<div class=\"elementor-widget-container\">\n\t\t\t<style>\/*! elementor - v3.23.0 - 05-08-2024 *\/\n.elementor-widget-text-editor.elementor-drop-cap-view-stacked .elementor-drop-cap{background-color:#69727d;color:#fff}.elementor-widget-text-editor.elementor-drop-cap-view-framed .elementor-drop-cap{color:#69727d;border:3px solid;background-color:transparent}.elementor-widget-text-editor:not(.elementor-drop-cap-view-default) .elementor-drop-cap{margin-top:8px}.elementor-widget-text-editor:not(.elementor-drop-cap-view-default) .elementor-drop-cap-letter{width:1em;height:1em}.elementor-widget-text-editor .elementor-drop-cap{float:left;text-align:center;line-height:1;font-size:50px}.elementor-widget-text-editor .elementor-drop-cap-letter{display:inline-block}<\/style>\t\t\t\t<p>Szanowny Kliencie,<\/p><p>w zwi\u0105zku z Rozporz\u0105dzeniem Parlamentu Europejskiego i Rady (UE) 2016\/679 z dnia 27 kwietnia 2016\u00a0roku w sprawie ochrony danych os\u00f3b fizycznych w zwi\u0105zku z przetwarzaniem danych osobowych i w\u00a0sprawie swobodnego przep\u0142ywu takich danych osobowych oraz uchylenie dyrektyw 95\/46\/WE (okre\u015blane\u00a0jako &#8222;RODO&#8221;, &#8222;ORODO&#8221;, &#8222;GDRP&#8221; lub &#8222;Og\u00f3lne rozporz\u0105dzenie o Danych&#8221;).<\/p><p>Administratorem Pa\u0144stwa danych osobowych jest LISSTA Kancelaria Podatkowa sp. z o. o. z siedzib\u0105 we\u00a0Wroc\u0142awiu, ul. Strachoci\u0144ska 90-90 A, 51-511 Wroc\u0142aw.<\/p><p>Z Administratorem mo\u017cna si\u0119 kontaktowa\u0107 pisemnie, za pomoc\u0105 poczty tradycyjnej na adres: LISSTA\u00a0Kancelaria Podatkowa sp. z o. o., ul. Strachoci\u0144ska 90-90 A, 51-511 Wroc\u0142aw\u00a0lub drog\u0105 e-mailow\u0105 pod adresem: lissta@lissta.pl<\/p><p>Pa\u0144stwa dane przetwarzamy w nast\u0119puj\u0105cych celach i na nast\u0119puj\u0105cych podstawach prawnych oraz w\u00a0nast\u0119puj\u0105cych okresach czasu:<br \/>\u2013 w celu realizacji umowy zawartej z Pa\u0144stwem, na podstawie art. 6 ust. 1 lit. b RODO, do czasu\u00a0wype\u0142nienia wszystkich obowi\u0105zk\u00f3w umownych, a w w\u0119\u017cszym zakresie r\u00f3wnie\u017c do czasu przedawnienia\u00a0roszcze\u0144,<br \/>\u2013 w celach zwi\u0105zanych z ksi\u0119gowo\u015bci\u0105 na podstawie art. 6 ust. 1 lit. c RODO w zwi\u0105zku z przepisami ustaw\u00a0o rachunkowo\u015bci, o podatku od towar\u00f3w i us\u0142ug, o podatku dochodowym od os\u00f3b prawnych, tak d\u0142ugo jak\u00a0wymagaj\u0105 tego od nas przepisy prawa.\u00a0Pa\u0144stwa dane osobowe b\u0119d\u0105 przechowywane do momentu osi\u0105gni\u0119cia celu.<\/p><p>Jak d\u0142ugo przechowujemy dane osobowe:<br \/>W celu rozliczalno\u015bci tj. udowodnienia przestrzegania przepis\u00f3w dotycz\u0105cych przetwarzania danych\u00a0osobowych zobowi\u0105zani jeste\u015bmy przechowywa\u0107 dane d\u0142u\u017cej w momencie konieczno\u015bci wykonania\u00a0obowi\u0105zk\u00f3w wynikaj\u0105cych z przepis\u00f3w prawa, w tym szczeg\u00f3lno\u015bci podatkowych i rachunkowych.<\/p><p>Ponadto informujemy, \u017ce Pa\u0144stwa dane mo\u017cemy przekazywa\u0107 podmiotom przetwarzaj\u0105cym je na nasze\u00a0zlecenie, niezb\u0119dnym do prowadzenia dzia\u0142alno\u015bci handlowej np do : firm kurierskich. Nie przekazujemy\u00a0Pa\u0144stwa danych osobom trzecim ani do pa\u0144stw trzecich tj. poza obszar Unii Europejskiej ani obszar\u00a0Europejskiego Obszaru Gospodarczego.<\/p><p>W zwi\u0105zku z przetwarzaniem Pani\/Pana danych osobowych przys\u0142uguje Pani\/Panu prawo do:<br \/>1) \u017c\u0105dania od Administratora dost\u0119pu do Pani\/Pana danych osobowych,<br \/>2) \u017c\u0105dania od Administratora sprostowania Pani\/Pana danych osobowych,<br \/>3) \u017c\u0105dania od Administratora usuni\u0119cia Pani\/Pana danych osobowych,<br \/>4) \u017c\u0105dania od Administratora ograniczenia przetwarzania Pani\/Pana danych osobowych,<br \/>5) wniesienia sprzeciwu wobec przetwarzania Pani\/pana danych osobowych,<br \/>6) przenoszenia Pani\/Pana danych osobowych,<br \/>7) wniesienia skargi do organu nadzorczego.<\/p><p>Z praw wskazanych powy\u017cej mo\u017cna skorzysta\u0107 poprzez:<br \/>\u2022 kontakt e-mailowy pod adresem: lissta@lissta.pl<br \/>\u2022 kontakt pisemny, za pomoc\u0105 poczty tradycyjnej na adres: LISSTA Kancelaria Podatkowa sp. z o.o., ul.\u00a0Strachoci\u0144ska 90-90 A, 51-511 Wroc\u0142aw<br \/>Usuni\u0119cie, ograniczenie, przeniesienie oraz zg\u0142oszenie sprzeciwu wzgl\u0119dem przetwarzania danych mo\u017ce\u00a0mie\u0107 wp\u0142yw na \u015bwiadczone us\u0142ugi i prawdopodobnie b\u0119dzie skutkowa\u0107 uniemo\u017cliwieniem wykonania us\u0142ug\u00a0w spos\u00f3b prawid\u0142owy. W zwi\u0105zku z przetwarzaniem przez nas Pa\u0144stwa danych osobowych przys\u0142uguje\u00a0Pa\u0144stwu r\u00f3wnie\u017c prawo wniesienia skargi do organu nadzorczego &#8211; Prezesa Urz\u0119du Ochrony Danych\u00a0Osobowych. Administrator dok\u0142ada wszelkich stara\u0144, aby zapewni\u0107 wszelkie \u015brodki fizycznej, technicznej i\u00a0organizacyjnej ochrony danych osobowych przed ich przypadkowym czy umy\u015blnym zniszczeniem,\u00a0przypadkow\u0105 utrat\u0105, zmian\u0105, nieuprawnionym ujawnieniem, wykorzystaniem czy dost\u0119pem, zgodnie ze\u00a0wszystkimi obowi\u0105zuj\u0105cymi przepisami. Pani\/Pana dane osobowe s\u0105 przetwarzane elektronicznie i r\u0119cznie,\u00a0zgodnie z metodami i procedurami zwi\u0105zanymi z celami przetwarzania, o kt\u00f3rych mowa powy\u017cej.<\/p><p>LISSTA Kancelaria Podatkowa Sp. z o. o.<br \/>ul. Strachoci\u0144ska 90-90 A<br \/>51-511 Wroc\u0142aw<br \/>NIP 895-196-67-37<br \/>REGON 021434305<\/p><p>lissta@lissta.pl<br \/>tel. oddzia\u0142 Wroc\u0142aw 504-138-424, 504-138-442<br \/>tel. oddzia\u0142 Zielona G\u00f3ra 504-138-183<\/p>\t\t\t\t\t\t<\/div>\n\t\t\t\t<\/div>\n\t\t\t\t\t<\/div>\n\t\t<\/div>\n\t\t\t\t\t<\/div>\n\t\t<\/section>\n\t\t\t\t<\/div>\n\t\t","protected":false},"excerpt":{"rendered":"<p>Obowi\u0105zek informacyjny RODO Szanowny Kliencie, w zwi\u0105zku z Rozporz\u0105dzeniem Parlamentu Europejskiego i Rady (UE) 2016\/679 z dnia 27 kwietnia 2016\u00a0roku w sprawie ochrony danych os\u00f3b fizycznych w zwi\u0105zku z przetwarzaniem danych osobowych i w\u00a0sprawie swobodnego przep\u0142ywu takich danych osobowych oraz uchylenie dyrektyw 95\/46\/WE (okre\u015blane\u00a0jako &#8222;RODO&#8221;, &#8222;ORODO&#8221;, &#8222;GDRP&#8221; lub &#8222;Og\u00f3lne rozporz\u0105dzenie o Danych&#8221;). Administratorem Pa\u0144stwa danych [&hellip;]<\/p>\n","protected":false},"author":1,"featured_media":0,"parent":0,"menu_order":0,"comment_status":"closed","ping_status":"closed","template":"full-width.php","meta":{"_acf_changed":false,"_monsterinsights_skip_tracking":false,"_monsterinsights_sitenote_active":false,"_monsterinsights_sitenote_note":"","_monsterinsights_sitenote_category":0,"footnotes":""},"class_list":["post-813","page","type-page","status-publish","hentry"],"acf":[],"_links":{"self":[{"href":"https:\/\/lissta.pl\/index.php\/wp-json\/wp\/v2\/pages\/813","targetHints":{"allow":["GET"]}}],"collection":[{"href":"https:\/\/lissta.pl\/index.php\/wp-json\/wp\/v2\/pages"}],"about":[{"href":"https:\/\/lissta.pl\/index.php\/wp-json\/wp\/v2\/types\/page"}],"author":[{"embeddable":true,"href":"https:\/\/lissta.pl\/index.php\/wp-json\/wp\/v2\/users\/1"}],"replies":[{"embeddable":true,"href":"https:\/\/lissta.pl\/index.php\/wp-json\/wp\/v2\/comments?post=813"}],"version-history":[{"count":10,"href":"https:\/\/lissta.pl\/index.php\/wp-json\/wp\/v2\/pages\/813\/revisions"}],"predecessor-version":[{"id":1160,"href":"https:\/\/lissta.pl\/index.php\/wp-json\/wp\/v2\/pages\/813\/revisions\/1160"}],"wp:attachment":[{"href":"https:\/\/lissta.pl\/index.php\/wp-json\/wp\/v2\/media?parent=813"}],"curies":[{"name":"wp","href":"https:\/\/api.w.org\/{rel}","templated":true}]}}